{"id":100,"date":"2018-06-27T14:43:13","date_gmt":"2018-06-27T14:43:13","guid":{"rendered":"https:\/\/tetrareklamcilik.com\/?page_id=100"},"modified":"2024-01-27T17:27:57","modified_gmt":"2024-01-27T17:27:57","slug":"istanbul-tabela-baski-parapet-reklam-cephe-reklam-cati-tabelasi","status":"publish","type":"page","link":"https:\/\/tetrareklamcilik.com\/","title":{"rendered":"Ana Sayfa"},"content":{"rendered":"<div id=\"metaslider-id-142\" style=\"max-width: 1800px;\" class=\"ml-slider-3-105-0 metaslider metaslider-nivo metaslider-142 ml-slider ms-theme-default\" role=\"region\" aria-label=\"New Slideshow\" data-height=\"670\" data-width=\"1800\">\n    <div id=\"metaslider_container_142\">\n        <div class='slider-wrapper theme-default'><div class='ribbon'><\/div><div id='metaslider_142' class='nivoSlider'><a href=\"https:\/\/tetrareklamcilik.com\/index.php\/urun\/parapet-reklam-isikli-parapet-reklam-parapet-tabela-istanbul-parapet-vinil-baski\/\" target=\"_self\"><img loading=\"lazy\" decoding=\"async\" src=\"https:\/\/tetrareklamcilik.com\/wp-content\/uploads\/2019\/08\/parapet.jpg\" height=\"670\" width=\"1800\" data-caption=\"Reklam Tabela Firmas\u0131\" title=\"Parapet Uygulamalar\u0131\" alt=\"parapet uygulamas\u0131\" class=\"slider-142 slide-151 msDefaultImage\" \/><\/a><a href=\"https:\/\/tetrareklamcilik.com\/index.php\/urun\/cati-tabelasi-isikli-cati-tabelasi-istanbul-cati-tabelasi\/\" target=\"_self\"><img loading=\"lazy\" decoding=\"async\" src=\"https:\/\/tetrareklamcilik.com\/wp-content\/uploads\/2018\/06\/29-260x96.png\" height=\"670\" width=\"1800\" data-caption=\"&Ccedil;at\u0131 Tabelas\u0131 - Bina Y&uuml;zey ve &Ccedil;at\u0131lar\u0131nda Reklam Tabelalar\u0131\" title=\"Kule Vin\u00e7 Tabela \u00c7al\u0131\u015fmalar\u0131\" alt=\"\u00c7ATI TABELASI \u0130STANBUL\" class=\"slider-142 slide-152 msDefaultImage\" \/><\/a><a href=\"https:\/\/tetrareklamcilik.com\/index.php\/urun\/sahne-dekorusahne-calismasisahne-tasarimisahne-duzenleme-backdrop\/\" target=\"_self\"><img loading=\"lazy\" decoding=\"async\" src=\"https:\/\/tetrareklamcilik.com\/wp-content\/uploads\/2018\/06\/5-1-1202x447.jpg\" height=\"670\" width=\"1800\" data-caption=\"Backdrop Sahne Ve Dekor Kiralama\" title=\"Makine Parkurumuz\" alt=\"makine parkurumuz\" class=\"slider-142 slide-153 msDefaultImage\" \/><\/a><img loading=\"lazy\" decoding=\"async\" src=\"https:\/\/tetrareklamcilik.com\/wp-content\/uploads\/2018\/06\/6-1-1202x447.jpg\" height=\"670\" width=\"1800\" title=\"\u00fcretim tesistelri ve ara\u00e7 kaplama hizmetleri\" alt=\"ara\u00e7 kaplama istanbul\" class=\"slider-142 slide-154 msDefaultImage\" \/><\/div><\/div>\n        \n    <\/div>\n<\/div>\n<div style=\"display: none;\">\n<h1>TETRA REKLAMCILIK<\/h1>\n<h2><a href=\"https:\/\/tetrareklamcilik.com\/index.php\/urun\/cati-tabelasi-isikli-cati-tabelasi-istanbul-cati-tabelasi\/\">\u0130STANBUL TABELA<\/a>-BASKI-PARAPET REKLAM-CEPHE REKLAM-<\/h2>\n<h1>\u00c7ATI TABELASI<br \/>\n\u0130stanbul Tabela,Bask\u0131,Parapet Reklam,Cephe Reklam Kaplama,\u00c7at\u0131 Tabelas\u0131 \u0130n\u015faat Tabelas\u0131<\/h1>\n<p>reklam uygulanmasi a\u015famalarinda, uzman kadromuzla size hizmet sunmaktan mutluluk duyacagiz. Yapmis oldugumuz \u00e7alismalardan birka\u00e7 \u00f6rne\u011fi asagidaki g\u00f6rsellerden inceleyebilir, detayli bilgi i\u00e7in telefonlarimizdan bize ulasabilirsiniz.<\/p>\n<p><a href=\"https:\/\/www.facebook.com\/TETRA-reklamc%C4%B1l%C4%B1k-1465655267028632\/?ref=nf\">ISIKLI \u00c7ATI TABELASI<\/a> &#8211; ISTANBUL PLEKSI TABELA- TABELA \u2013 UCUZ TABELA \u2013 ANADOLU YAKASI TABELA &#8211; HASTANE TABELASI &#8212; ISIKLI HASTANE TABELASI&#8211; HASTANE TABELASI Y\u00d6NETMELIGI &#8211; ISTANBUL HASTANE TABELASI &#8212;<br \/>\n<strong>\u0130stanbul Tabela,Bask\u0131,Parapet Reklam,Cephe Reklam Kaplama,\u00c7at\u0131 Tabelas\u0131 \u0130n\u015faat Tabelas\u0131<\/strong><\/p>\n<h1>INSAAT TABELASI<br \/>\n&#8211; ISIKLI INSAAT TABELASI &#8211; \u00c7ATI TABELASI- \u00c7ATI TABELASI \u00d6RNEKLERI &#8212; \u00c7ATI TABELA FIYATLARI ISTANBUL&#8211; ISIKLI REKLAM PANOSU &#8211;<\/h1>\n<p>INSAAT \u00c7ATI TABELASI<br \/>\n&#8211; INSAAT \u00c7ATI TABELASI &#8212; \u00c7ATI REKLAM TABELA &#8212; ISTANBUL \u00c7ATI TABELASI &#8212; \u00c7ATI TABELASI NASIL YAPILIR&#8211;KADIK\u00d6Y \u00c7ATI TABELASI &#8212; EMLAK KONUT \u00c7ATI TABELASI&#8211;<\/p>\n<p>\u00c7ATI TABELASI \u00d6RNEKLERI- \u00c7ATI TABELA FIYATLARI&#8211; UCUZ \u00c7ATI TABELASI&#8211;PLEKSI \u00c7ATI TABELASI- ISIKLI \u00c7ATI TABELASI BAKIRK\u00d6Y&#8211;<br \/>\nNEON \u00c7ATI TABELASI<br \/>\n&#8212; ISIKLI NEON \u00c7ATI TABELASI BASAKSEHIR-<\/p>\n<h4>\u0130stanbul Tabela,Bask\u0131,Parapet Reklam,Cephe Reklam Kaplama,\u00c7at\u0131 Tabelas\u0131 \u0130n\u015faat Tabelas\u0131<br \/>\nISTANBUL \u00dcMRANIYE \u00c7ATI TABELASI &#8212;<\/h4>\n<p>CEPHE TABELASI &#8212; ISIKLI CEPHE TABELASI ISTANBUL- \u2013SEFFAF CAM BASKI &#8211; SEFFAF BASKI \u2013 OFIS CAM BASKI- UCUZ ECZANE TABELASI &#8211; ECZANE TABELASI .CEHRE REKLAM UYGULAMASI- CEPHE REKLAM KAPAMA- CEHRE REKLAM \u0130STANBUL &#8211; CEPHE V\u0130N\u0130L BASKI &#8211; CEPHE BASKI KAPAMA- CEPHE FOLYO BASKI UYGULAMASI- CEPHE V\u0130N\u0130L BASKI- CEPHE MESH BASKI- CEPHE DEL\u0130KL\u0130 V\u0130N\u0130L BASKI UYGULAMASI- CEPHE REKLAM UYGULAMSI \u0130STANBUL<\/p>\n<p>PARAPET REKLAM UYGULAMASI- PARAPET REKLAM &#8211; I\u015eIKLI PARAPET REKLAM &#8211; V\u0130N\u0130L BASKI PARAPET REKLAM \u2013 PARAPET REKLAM \u0130STANBUL &#8211; ANADOLU YAKASI PARAPET REKLAM \u2013<\/p>\n<h3>KARTAL YENI ECZANE TABELA<br \/>\n\u0130stanbul Tabela,Bask\u0131,Parapet Reklam,Cephe Reklam Kaplama,\u00c7at\u0131 Tabelas\u0131 \u0130n\u015faat Tabelas\u0131<br \/>\nSULTANBEYLI PARAPET REKLAM \u2013<\/h3>\n<p>V\u0130N\u0130L BASKI PARAPET REKLAM- SU KONTRASI PARAPET REKLAM- PENDIK ECZANE TABELA \u2013 MALTEPE YENI ECZANE TABELA \u2013 BEYKOZ YENI ECZANE TABELA .INSAAT TABELASI-<\/p>\n<p>INSAAT TABELASI ISTANBUL- INSAAT TABELASI KARTAL- INSAAT TABELASI ATASEHIR-SANTIYE TABELASI- SANTIYE TABELASI IBB &#8211; RUHSAT TABELASI ISTANBUL &#8211; INSAAT TABELASI PENDIK &#8211; INSAAT TABELASI KADIK\u00d6Y- INSAAT TABELASI BASAKSEHIR &#8211; SANTIYE TABELASI ISTANBUL-<\/p>\n<h2>AL\u00dcMINYUM INSAAT TABELASI<br \/>\n\u0130stanbul Tabela,Bask\u0131,Parapet Reklam,Cephe Reklam Kaplama,\u00c7at\u0131 Tabelas\u0131 \u0130n\u015faat Tabelas\u0131<\/h2>\n<p>AL\u00dcMINYUM INSAAT TABELASI ISTANBUL- PARAPET KAPAMA ISTANBUL &#8211; VINIL PARAPET BASKI- ISTANBUL ISIKLI PARAPET UYGULAMASI- CUT-OUT PARAPET UYGULAMASI &#8211; VINIL BASKI PARAPET &#8211;<\/p>\n<p>OSB PARAPET UYGULAMASI &#8211; IBB PARAPET UYGULAMASI &#8211; GALVANIZ PARAPET &#8211; PARAPET \u00c7EVRE KAPAMASI ISTANBUL &#8211; ATASEHIR PARAPET \u00c7EVRE KAPAMA &#8211; VINIL BASKI PARAPET UYGULAMASI \u00c7EVRE KAPAMA &#8211; ISIKLI PARAPET \u00c7EVRE KAPAMASI &#8211; SU KONTRASI PARAPET KAPAMASI-<br \/>\n\u0130stanbul Tabela,Bask\u0131,Parapet Reklam,Cephe Reklam Kaplama,\u00c7at\u0131 Tabelas\u0131 \u0130n\u015faat Tabelas\u0131<\/p>\n<\/div>\n","protected":false},"excerpt":{"rendered":"<p>Yol ve \u00c7at\u0131 Tabelas\u0131<br \/>\nFuar ve Te\u015fhir Stand\u0131<br \/>\nMimari \u00c7al\u0131\u015fmalar<br \/>\nCephe Giydirme<br \/>\nI\u015f\u0131kl\u0131 \/ I\u015f\u0131ks\u0131z Tabela<br \/>\nKabartma Kutu Harf Tabela<br \/>\n\u0130\u00e7 ve D\u0131\u015f Mekan Bask\u0131lar<br \/>\nAra\u00e7 Giydirme<\/p>\n","protected":false},"author":2,"featured_media":0,"parent":0,"menu_order":0,"comment_status":"closed","ping_status":"closed","template":"","meta":{"footnotes":""},"class_list":["post-100","page","type-page","status-publish","hentry"],"_links":{"self":[{"href":"https:\/\/tetrareklamcilik.com\/index.php\/wp-json\/wp\/v2\/pages\/100","targetHints":{"allow":["GET"]}}],"collection":[{"href":"https:\/\/tetrareklamcilik.com\/index.php\/wp-json\/wp\/v2\/pages"}],"about":[{"href":"https:\/\/tetrareklamcilik.com\/index.php\/wp-json\/wp\/v2\/types\/page"}],"author":[{"embeddable":true,"href":"https:\/\/tetrareklamcilik.com\/index.php\/wp-json\/wp\/v2\/users\/2"}],"replies":[{"embeddable":true,"href":"https:\/\/tetrareklamcilik.com\/index.php\/wp-json\/wp\/v2\/comments?post=100"}],"version-history":[{"count":26,"href":"https:\/\/tetrareklamcilik.com\/index.php\/wp-json\/wp\/v2\/pages\/100\/revisions"}],"predecessor-version":[{"id":1161,"href":"https:\/\/tetrareklamcilik.com\/index.php\/wp-json\/wp\/v2\/pages\/100\/revisions\/1161"}],"wp:attachment":[{"href":"https:\/\/tetrareklamcilik.com\/index.php\/wp-json\/wp\/v2\/media?parent=100"}],"curies":[{"name":"wp","href":"https:\/\/api.w.org\/{rel}","templated":true}]}}